{"id":336,"date":"2023-03-08T09:06:40","date_gmt":"2023-03-08T09:06:40","guid":{"rendered":"https:\/\/gijonbasket.com\/?page_id=336"},"modified":"2023-03-08T09:06:41","modified_gmt":"2023-03-08T09:06:41","slug":"accesibilidad","status":"publish","type":"page","link":"https:\/\/gijonbasket.com\/en\/accesibilidad\/","title":{"rendered":"Accessibility"},"content":{"rendered":"<p>GijonBasket se ha comprometido a hacer accesibles sus sitios web, de conformidad con el Real Decreto 1112\/2018, de 7 de septiembre, sobre accesibilidad de los sitios web y aplicaciones para dispositivos m\u00f3viles del sector p\u00fablico, por la que se traspone al ordenamiento jur\u00eddico espa\u00f1ol la Directiva (UE) 2016\/2102 del Parlamento Europeo y del Consejo.<\/p>\n\n\n\n<p>La presente declaraci\u00f3n de accesibilidad se aplica al portal www.gijonbasket.com<\/p>\n\n\n\n<p>Situaci\u00f3n de cumplimiento<br>Este sitio web es parcialmente conforme con el RD 1112\/2018 debido a las excepciones y a la falta de conformidad de los aspectos que se indican a continuaci\u00f3n.<\/p>\n\n\n\n<p>Contenido no accesible<br>El contenido que se recoge a continuaci\u00f3n no es accesible por lo siguiente:<\/p>\n\n\n\n<p>Falta de conformidad con el RD 1112\/2018<br>Debido a la automatizaci\u00f3n de algunas de las publicaciones podr\u00edan existir p\u00e1ginas con un incorrecto anidamiento de etiquetas HTML.<br>Podr\u00edan existir fallos puntuales de edici\u00f3n en alguna p\u00e1gina web.<\/p>\n\n\n\n<p>Carga desproporcionada<br>No aplica.<\/p>\n\n\n\n<p>Contenido que no entra dentro del \u00e1mbito de la legislaci\u00f3n aplicable<br>Archivos ofim\u00e1ticos en PDF u otros formatos, as\u00ed como aplicaciones publicadas antes del 20 de septiembre de 2018 que no cumplan en su totalidad todos los requisitos de accesibilidad.<br>Servicios de mapa y cartograf\u00eda en l\u00ednea.<br>Preparaci\u00f3n de la presente declaraci\u00f3n de accesibilidad<\/p>\n\n\n\n<p>La fecha de la \u00faltima revisi\u00f3n ha sido el 18 de Enero de 2023.<\/p>\n\n\n\n<p>Observaciones y datos de contacto<br>Puede realizar comunicaciones sobre requisitos de accesibilidad (art\u00edculo 10.2 del RD 1112\/2018) como por ejemplo:<\/p>\n\n\n\n<p>informar sobre cualquier posible incumplimiento por parte de este sitio web<br>transmitir otras dificultades de acceso al contenido<br>formular cualquier otra consulta o sugerencia de mejora relativa a la accesibilidad del sitio web<br>a trav\u00e9s del formulario de contacto de este sitio web.<\/p>\n\n\n\n<p>Procedimiento de aplicaci\u00f3n<br>Se pondr\u00e1 en marcha un procedimiento de aplicaci\u00f3n adecuado y eficaz al que debe recurrirse en caso de que la respuesta a la comunicaci\u00f3n o a la solicitud sea insatisfactoria. [Pendiente]<\/p>\n\n\n\n<p>Contenido opcional<br>Este sitio web:<\/p>\n\n\n\n<p>Se ha dise\u00f1ado adapt\u00e1ndose a los est\u00e1ndares y normativas vigentes en relaci\u00f3n a la accesibilidad, cumpliendo con los puntos de verificaci\u00f3n de prioridad 2 (AA) definidos en la especificaci\u00f3n de Pautas de Accesibilidad al Contenido en la Web (WCAG 2.1).<br>Cumple con los requisitos de la Norma UNE-EN 301549 v1.1.2:2015, considerando las excepciones del Real Decreto 1112\/2018.<br>Est\u00e1 dise\u00f1ado para su correcta visualizaci\u00f3n en dispositivos de escritorio, tablet y m\u00f3viles para una resoluci\u00f3n m\u00ednima de 1280&#215;1024.<br>Se ha realizado utilizando HTML5 como lenguaje de marcado y hojas de estilo CSS 3 para su dise\u00f1o.<br>Est\u00e1 dise\u00f1ado para su uso con javascript no intrusivo ofreciendo, en el caso de que su navegador no lo soporte, su correspondiente alternativa no javascript.<\/p>","protected":false},"excerpt":{"rendered":"<p>GijonBasket se ha comprometido a hacer accesibles sus sitios web, de conformidad con el Real Decreto 1112\/2018, de 7 de septiembre, sobre accesibilidad de los sitios web y aplicaciones para dispositivos m\u00f3viles del sector p\u00fablico, por la que se traspone al ordenamiento jur\u00eddico espa\u00f1ol la Directiva (UE) 2016\/2102 del Parlamento Europeo y del Consejo. La&hellip;&nbsp;<a href=\"https:\/\/gijonbasket.com\/en\/accesibilidad\/\" class=\"\" rel=\"bookmark\">Read More &raquo;<span class=\"screen-reader-text\">Accessibility<\/span><\/a><\/p>","protected":false},"author":1,"featured_media":0,"parent":0,"menu_order":0,"comment_status":"closed","ping_status":"closed","template":"","meta":{"neve_meta_sidebar":"","neve_meta_container":"","neve_meta_enable_content_width":"","neve_meta_content_width":0,"neve_meta_title_alignment":"","neve_meta_author_avatar":"","neve_post_elements_order":"","neve_meta_disable_header":"","neve_meta_disable_footer":"","neve_meta_disable_title":"","footnotes":""},"class_list":["post-336","page","type-page","status-publish","hentry"],"yoast_head":"<!-- This site is optimized with the Yoast SEO plugin v23.4 - https:\/\/yoast.com\/wordpress\/plugins\/seo\/ -->\n<title>Accesibilidad - gijonbasket<\/title>\n<meta name=\"robots\" content=\"index, follow, max-snippet:-1, max-image-preview:large, max-video-preview:-1\" \/>\n<link rel=\"canonical\" href=\"https:\/\/gijonbasket.com\/en\/accesibilidad\/\" \/>\n<meta property=\"og:locale\" content=\"en_US\" \/>\n<meta property=\"og:type\" content=\"article\" \/>\n<meta property=\"og:title\" content=\"Accesibilidad - gijonbasket\" \/>\n<meta property=\"og:description\" content=\"GijonBasket se ha comprometido a hacer accesibles sus sitios web, de conformidad con el Real Decreto 1112\/2018, de 7 de septiembre, sobre accesibilidad de los sitios web y aplicaciones para dispositivos m\u00f3viles del sector p\u00fablico, por la que se traspone al ordenamiento jur\u00eddico espa\u00f1ol la Directiva (UE) 2016\/2102 del Parlamento Europeo y del Consejo. La&hellip;&nbsp;Read More &raquo;Accesibilidad\" \/>\n<meta property=\"og:url\" content=\"https:\/\/gijonbasket.com\/en\/accesibilidad\/\" \/>\n<meta property=\"og:site_name\" content=\"gijonbasket\" \/>\n<meta property=\"article:modified_time\" content=\"2023-03-08T09:06:41+00:00\" \/>\n<meta name=\"twitter:card\" content=\"summary_large_image\" \/>\n<meta name=\"twitter:label1\" content=\"Est. reading time\" \/>\n\t<meta name=\"twitter:data1\" content=\"2 minutes\" \/>\n<script type=\"application\/ld+json\" class=\"yoast-schema-graph\">{\"@context\":\"https:\/\/schema.org\",\"@graph\":[{\"@type\":\"WebPage\",\"@id\":\"https:\/\/gijonbasket.com\/accesibilidad\/\",\"url\":\"https:\/\/gijonbasket.com\/accesibilidad\/\",\"name\":\"Accesibilidad - gijonbasket\",\"isPartOf\":{\"@id\":\"https:\/\/gijonbasket.com\/#website\"},\"datePublished\":\"2023-03-08T09:06:40+00:00\",\"dateModified\":\"2023-03-08T09:06:41+00:00\",\"breadcrumb\":{\"@id\":\"https:\/\/gijonbasket.com\/accesibilidad\/#breadcrumb\"},\"inLanguage\":\"en-US\",\"potentialAction\":[{\"@type\":\"ReadAction\",\"target\":[\"https:\/\/gijonbasket.com\/accesibilidad\/\"]}]},{\"@type\":\"BreadcrumbList\",\"@id\":\"https:\/\/gijonbasket.com\/accesibilidad\/#breadcrumb\",\"itemListElement\":[{\"@type\":\"ListItem\",\"position\":1,\"name\":\"Portada\",\"item\":\"https:\/\/gijonbasket.com\/\"},{\"@type\":\"ListItem\",\"position\":2,\"name\":\"Accesibilidad\"}]},{\"@type\":\"WebSite\",\"@id\":\"https:\/\/gijonbasket.com\/#website\",\"url\":\"https:\/\/gijonbasket.com\/\",\"name\":\"gijonbasket\",\"description\":\"\",\"publisher\":{\"@id\":\"https:\/\/gijonbasket.com\/#organization\"},\"potentialAction\":[{\"@type\":\"SearchAction\",\"target\":{\"@type\":\"EntryPoint\",\"urlTemplate\":\"https:\/\/gijonbasket.com\/?s={search_term_string}\"},\"query-input\":{\"@type\":\"PropertyValueSpecification\",\"valueRequired\":true,\"valueName\":\"search_term_string\"}}],\"inLanguage\":\"en-US\"},{\"@type\":\"Organization\",\"@id\":\"https:\/\/gijonbasket.com\/#organization\",\"name\":\"gijonbasket\",\"url\":\"https:\/\/gijonbasket.com\/\",\"logo\":{\"@type\":\"ImageObject\",\"inLanguage\":\"en-US\",\"@id\":\"https:\/\/gijonbasket.com\/#\/schema\/logo\/image\/\",\"url\":\"https:\/\/gijonbasket.com\/wp-content\/uploads\/2023\/03\/LogoGijonBasket2.jpg\",\"contentUrl\":\"https:\/\/gijonbasket.com\/wp-content\/uploads\/2023\/03\/LogoGijonBasket2.jpg\",\"width\":2000,\"height\":550,\"caption\":\"gijonbasket\"},\"image\":{\"@id\":\"https:\/\/gijonbasket.com\/#\/schema\/logo\/image\/\"}}]}<\/script>\n<!-- \/ Yoast SEO plugin. -->","yoast_head_json":{"title":"Accesibilidad - gijonbasket","robots":{"index":"index","follow":"follow","max-snippet":"max-snippet:-1","max-image-preview":"max-image-preview:large","max-video-preview":"max-video-preview:-1"},"canonical":"https:\/\/gijonbasket.com\/en\/accesibilidad\/","og_locale":"en_US","og_type":"article","og_title":"Accesibilidad - gijonbasket","og_description":"GijonBasket se ha comprometido a hacer accesibles sus sitios web, de conformidad con el Real Decreto 1112\/2018, de 7 de septiembre, sobre accesibilidad de los sitios web y aplicaciones para dispositivos m\u00f3viles del sector p\u00fablico, por la que se traspone al ordenamiento jur\u00eddico espa\u00f1ol la Directiva (UE) 2016\/2102 del Parlamento Europeo y del Consejo. La&hellip;&nbsp;Read More &raquo;Accesibilidad","og_url":"https:\/\/gijonbasket.com\/en\/accesibilidad\/","og_site_name":"gijonbasket","article_modified_time":"2023-03-08T09:06:41+00:00","twitter_card":"summary_large_image","twitter_misc":{"Est. reading time":"2 minutes"},"schema":{"@context":"https:\/\/schema.org","@graph":[{"@type":"WebPage","@id":"https:\/\/gijonbasket.com\/accesibilidad\/","url":"https:\/\/gijonbasket.com\/accesibilidad\/","name":"Accesibilidad - gijonbasket","isPartOf":{"@id":"https:\/\/gijonbasket.com\/#website"},"datePublished":"2023-03-08T09:06:40+00:00","dateModified":"2023-03-08T09:06:41+00:00","breadcrumb":{"@id":"https:\/\/gijonbasket.com\/accesibilidad\/#breadcrumb"},"inLanguage":"en-US","potentialAction":[{"@type":"ReadAction","target":["https:\/\/gijonbasket.com\/accesibilidad\/"]}]},{"@type":"BreadcrumbList","@id":"https:\/\/gijonbasket.com\/accesibilidad\/#breadcrumb","itemListElement":[{"@type":"ListItem","position":1,"name":"Portada","item":"https:\/\/gijonbasket.com\/"},{"@type":"ListItem","position":2,"name":"Accesibilidad"}]},{"@type":"WebSite","@id":"https:\/\/gijonbasket.com\/#website","url":"https:\/\/gijonbasket.com\/","name":"gijonbasket","description":"","publisher":{"@id":"https:\/\/gijonbasket.com\/#organization"},"potentialAction":[{"@type":"SearchAction","target":{"@type":"EntryPoint","urlTemplate":"https:\/\/gijonbasket.com\/?s={search_term_string}"},"query-input":{"@type":"PropertyValueSpecification","valueRequired":true,"valueName":"search_term_string"}}],"inLanguage":"en-US"},{"@type":"Organization","@id":"https:\/\/gijonbasket.com\/#organization","name":"gijonbasket","url":"https:\/\/gijonbasket.com\/","logo":{"@type":"ImageObject","inLanguage":"en-US","@id":"https:\/\/gijonbasket.com\/#\/schema\/logo\/image\/","url":"https:\/\/gijonbasket.com\/wp-content\/uploads\/2023\/03\/LogoGijonBasket2.jpg","contentUrl":"https:\/\/gijonbasket.com\/wp-content\/uploads\/2023\/03\/LogoGijonBasket2.jpg","width":2000,"height":550,"caption":"gijonbasket"},"image":{"@id":"https:\/\/gijonbasket.com\/#\/schema\/logo\/image\/"}}]}},"_links":{"self":[{"href":"https:\/\/gijonbasket.com\/en\/wp-json\/wp\/v2\/pages\/336","targetHints":{"allow":["GET"]}}],"collection":[{"href":"https:\/\/gijonbasket.com\/en\/wp-json\/wp\/v2\/pages"}],"about":[{"href":"https:\/\/gijonbasket.com\/en\/wp-json\/wp\/v2\/types\/page"}],"author":[{"embeddable":true,"href":"https:\/\/gijonbasket.com\/en\/wp-json\/wp\/v2\/users\/1"}],"replies":[{"embeddable":true,"href":"https:\/\/gijonbasket.com\/en\/wp-json\/wp\/v2\/comments?post=336"}],"version-history":[{"count":1,"href":"https:\/\/gijonbasket.com\/en\/wp-json\/wp\/v2\/pages\/336\/revisions"}],"predecessor-version":[{"id":337,"href":"https:\/\/gijonbasket.com\/en\/wp-json\/wp\/v2\/pages\/336\/revisions\/337"}],"wp:attachment":[{"href":"https:\/\/gijonbasket.com\/en\/wp-json\/wp\/v2\/media?parent=336"}],"curies":[{"name":"wp","href":"https:\/\/api.w.org\/{rel}","templated":true}]}}