{"id":341,"date":"2023-03-08T10:31:40","date_gmt":"2023-03-08T10:31:40","guid":{"rendered":"https:\/\/gijonbasket.com\/?page_id=341"},"modified":"2023-03-08T10:31:42","modified_gmt":"2023-03-08T10:31:42","slug":"politica-de-cookies","status":"publish","type":"page","link":"https:\/\/gijonbasket.com\/en\/politica-de-cookies\/","title":{"rendered":"Cookie policy"},"content":{"rendered":"<h2 class=\"wp-block-heading\">1. AVISO<\/h2>\n\n\n\n<p>Esta Web usa Cookies para facilitar la navegaci\u00f3n y para adaptar sus contenidos a las referencias de los usuarios.<\/p>\n\n\n\n<h2 class=\"wp-block-heading\">2. COOKIES: QU\u00c9 SON<\/h2>\n\n\n\n<p>Una \u00abCookie\u00bb es un fichero que se descarga en su ordenador al acceder a determinadas p\u00e1ginas Web. Las Cookies son herramientas que permiten a una p\u00e1gina Web, entre otras cosas, almacenar y recuperar informaci\u00f3n sobre los h\u00e1bitos de navegaci\u00f3n de un usuario o de su equipo y, dependiendo de la informaci\u00f3n obtenida, pueden utilizarse para reconocer al usuario y mejorar el servicio ofrecido.<\/p>\n\n\n\n<h2 class=\"wp-block-heading\">3. QU\u00c9 COOKIES UTILIZA ESTA WEB<\/h2>\n\n\n\n<h3 class=\"wp-block-heading\">a) Cookies de rendimiento<\/h3>\n\n\n\n<p>Se utilizan para mejorar la experiencia de navegaci\u00f3n y optimizar el funcionamiento del sitio Web. Almacenan configuraciones de servicios para que no tengas que reconfigurarlos cada vez que visitas este sitio Web.<\/p>\n\n\n\n<h3 class=\"wp-block-heading\">b) Cookies de an\u00e1lisis<\/h3>\n\n\n\n<p>Nos permiten cuantificar el n\u00famero de usuarios y as\u00ed realizar la medici\u00f3n y an\u00e1lisis estad\u00edstico de la utilizaci\u00f3n que hacen los usuarios del servicio ofertado. Para ello se analiza tu navegaci\u00f3n en nuestra p\u00e1gina Web con el fin de mejorar la oferta de productos o servicios que ofrecemos.<\/p>\n\n\n\n<h3 class=\"wp-block-heading\">c) Cookies publicitarias<\/h3>\n\n\n\n<p>Nos permiten gestionar los espacios publicitarios que hay en la p\u00e1gina Web, adecuando el contenido del anuncio al contenido del servicio solicitado o al uso que realice de la p\u00e1gina. De esta forma podemos mostrar publicidad personalizada en funci\u00f3n de los usuarios.<\/p>\n\n\n\n<h3 class=\"wp-block-heading\">d) Cookies tienda online<\/h3>\n\n\n\n<p>Nos permiten gestionar a los usuarios de nuestra tienda online, tanto en pedidos y el acceso del \u00e1rea privada de los pedidos.<\/p>\n\n\n\n<h2 class=\"wp-block-heading\">4. COMO GESTIONAR LAS COOKIES DEL NAVEGADOR<\/h2>\n\n\n\n<p>Se pueden permitir, bloquear o eliminar a trav\u00e9s de la configuraci\u00f3n de las opciones del navegador instalado en el dispositivo. En los siguientes enlaces encontrar\u00e1 informaci\u00f3n en relaci\u00f3n a las Cookies en cada navegador:<\/p>\n\n\n\n<p>a) Internet Explorer<br>b) FireFox<br>c) Chrome<br>d) Safari<\/p>\n\n\n\n<p>Si lo desea puede configurar su navegador para ser avisado en pantalla de la recepci\u00f3n de cookies e impedir la instalaci\u00f3n de cookies en el disco duro. No obstante, si selecciona esta configuraci\u00f3n, quiz\u00e1s no pueda acceder a determinadas partes del sitio web o no pueda utilizar alguno de nuestros servicios. Por favor, consulte los siguientes enlaces si no quiere aceptar cookies:<\/p>\n\n\n\n<p>M\u00e1s informaci\u00f3n sobre como deshabilitar el uso de cookies en Firefox&nbsp;<a href=\"https:\/\/support.mozilla.org\/es\/kb\/habilitar-y-deshabilitar-cookies-que-los-sitios-we\" target=\"_blank\" rel=\"noreferrer noopener\">(pulse aqu\u00ed)<\/a><\/p>\n\n\n\n<p>M\u00e1s informaci\u00f3n sobre como deshabilitar el uso de cookies en Chrome&nbsp;<a href=\"https:\/\/support.google.com\/chrome\/answer\/95647?hl=es\" target=\"_blank\" rel=\"noreferrer noopener\">(pulse aqu\u00ed)<\/a><\/p>\n\n\n\n<p>M\u00e1s informaci\u00f3n sobre como deshabilitar el uso de cookies en Safari pulse aqu\u00ed&nbsp;<a href=\"https:\/\/support.apple.com\/kb\/ph5042?locale=es_ES\" target=\"_blank\" rel=\"noreferrer noopener\">(pulse aqu\u00ed)<\/a><\/p>\n\n\n\n<p>M\u00e1s informaci\u00f3n sobre como deshabilitar el uso de cookies en Opera pulse aqu\u00ed&nbsp;<a href=\"https:\/\/support.apple.com\/kb\/ph5042?locale=es_ES\" target=\"_blank\" rel=\"noreferrer noopener\">(pulse aqu\u00ed)<\/a><\/p>\n\n\n\n<p>M\u00e1s informaci\u00f3n sobre como deshabilitar el uso de cookies en Explorer pulse aqu\u00ed&nbsp;<a href=\"http:\/\/help.opera.com\/Windows\/11.50\/es-ES\/cookies.html\" target=\"_blank\" rel=\"noreferrer noopener\">(pulse aqu\u00ed)<\/a><\/p>\n\n\n\n<p>Para deshabilitar las cookies de Analytics en concreto pueden hacerlo siguiendo este enlace&nbsp;<a href=\"https:\/\/tools.google.com\/dlpage\/gaoptout?hl=es\" target=\"_blank\" rel=\"noreferrer noopener\">(pulse aqu\u00ed)<\/a><\/p>\n\n\n\n<h2 class=\"wp-block-heading\">5. CLASIFICACI\u00d3N DE COOKIES<\/h2>\n\n\n\n<p>Esta p\u00e1gina Web utiliza Google Analytics, un servicio anal\u00edtico de web prestado por Google, Inc., una compa\u00f1\u00eda de Delaware cuya oficina principal est\u00e1 en 1600 Amphitheatre Parkway, Mountain View (California), CA 94043, Estados Unidos (\u00abGoogle\u00bb). Google Analytics utiliza \u00abcookies\u00bb para ayudar al website a analizar el uso que hacen los usuarios del sitio web.<\/p>\n\n\n\n<p>Esta p\u00e1gina Web utiliza cookies publicitarias de Twitter, Inc., una compa\u00f1\u00eda de California cuya oficina principal est\u00e1 en 1355 Market Street, Suite 900, San Francisco, CA 94103, Estados Unidos (\u201cTwitter\u201d).<\/p>\n\n\n\n<p>Esta p\u00e1gina Web utiliza Cookies publicitarias de Facebook, Inc., una compa\u00f1\u00eda de Delaware cuya oficina principal est\u00e1 en 1601 Willow Road, Menlo Park, CA 94025, Estados Unidos (\u201cFacebook\u201d)<\/p>","protected":false},"excerpt":{"rendered":"<p>1. AVISO Esta Web usa Cookies para facilitar la navegaci\u00f3n y para adaptar sus contenidos a las referencias de los usuarios. 2. COOKIES: QU\u00c9 SON Una \u00abCookie\u00bb es un fichero que se descarga en su ordenador al acceder a determinadas p\u00e1ginas Web. Las Cookies son herramientas que permiten a una p\u00e1gina Web, entre otras cosas,&hellip;&nbsp;<a href=\"https:\/\/gijonbasket.com\/en\/politica-de-cookies\/\" class=\"\" rel=\"bookmark\">Read More &raquo;<span class=\"screen-reader-text\">Cookie policy<\/span><\/a><\/p>","protected":false},"author":1,"featured_media":0,"parent":0,"menu_order":0,"comment_status":"closed","ping_status":"closed","template":"","meta":{"neve_meta_sidebar":"","neve_meta_container":"","neve_meta_enable_content_width":"","neve_meta_content_width":0,"neve_meta_title_alignment":"","neve_meta_author_avatar":"","neve_post_elements_order":"","neve_meta_disable_header":"","neve_meta_disable_footer":"","neve_meta_disable_title":"","footnotes":""},"class_list":["post-341","page","type-page","status-publish","hentry"],"yoast_head":"<!-- This site is optimized with the Yoast SEO plugin v23.4 - https:\/\/yoast.com\/wordpress\/plugins\/seo\/ -->\n<title>Pol\u00edtica de Cookies - gijonbasket<\/title>\n<meta name=\"robots\" content=\"index, follow, max-snippet:-1, max-image-preview:large, max-video-preview:-1\" \/>\n<link rel=\"canonical\" href=\"https:\/\/gijonbasket.com\/en\/politica-de-cookies\/\" \/>\n<meta property=\"og:locale\" content=\"en_US\" \/>\n<meta property=\"og:type\" content=\"article\" \/>\n<meta property=\"og:title\" content=\"Pol\u00edtica de Cookies - gijonbasket\" \/>\n<meta property=\"og:description\" content=\"1. AVISO Esta Web usa Cookies para facilitar la navegaci\u00f3n y para adaptar sus contenidos a las referencias de los usuarios. 2. COOKIES: QU\u00c9 SON Una \u00abCookie\u00bb es un fichero que se descarga en su ordenador al acceder a determinadas p\u00e1ginas Web. Las Cookies son herramientas que permiten a una p\u00e1gina Web, entre otras cosas,&hellip;&nbsp;Read More &raquo;Pol\u00edtica de Cookies\" \/>\n<meta property=\"og:url\" content=\"https:\/\/gijonbasket.com\/en\/politica-de-cookies\/\" \/>\n<meta property=\"og:site_name\" content=\"gijonbasket\" \/>\n<meta property=\"article:modified_time\" content=\"2023-03-08T10:31:42+00:00\" \/>\n<meta name=\"twitter:card\" content=\"summary_large_image\" \/>\n<meta name=\"twitter:label1\" content=\"Est. reading time\" \/>\n\t<meta name=\"twitter:data1\" content=\"3 minutes\" \/>\n<script type=\"application\/ld+json\" class=\"yoast-schema-graph\">{\"@context\":\"https:\/\/schema.org\",\"@graph\":[{\"@type\":\"WebPage\",\"@id\":\"https:\/\/gijonbasket.com\/en\/politica-de-cookies\/\",\"url\":\"https:\/\/gijonbasket.com\/en\/politica-de-cookies\/\",\"name\":\"Pol\u00edtica de Cookies - gijonbasket\",\"isPartOf\":{\"@id\":\"https:\/\/gijonbasket.com\/#website\"},\"datePublished\":\"2023-03-08T10:31:40+00:00\",\"dateModified\":\"2023-03-08T10:31:42+00:00\",\"breadcrumb\":{\"@id\":\"https:\/\/gijonbasket.com\/en\/politica-de-cookies\/#breadcrumb\"},\"inLanguage\":\"en-US\",\"potentialAction\":[{\"@type\":\"ReadAction\",\"target\":[\"https:\/\/gijonbasket.com\/en\/politica-de-cookies\/\"]}]},{\"@type\":\"BreadcrumbList\",\"@id\":\"https:\/\/gijonbasket.com\/en\/politica-de-cookies\/#breadcrumb\",\"itemListElement\":[{\"@type\":\"ListItem\",\"position\":1,\"name\":\"Portada\",\"item\":\"https:\/\/gijonbasket.com\/\"},{\"@type\":\"ListItem\",\"position\":2,\"name\":\"Pol\u00edtica de Cookies\"}]},{\"@type\":\"WebSite\",\"@id\":\"https:\/\/gijonbasket.com\/#website\",\"url\":\"https:\/\/gijonbasket.com\/\",\"name\":\"gijonbasket\",\"description\":\"\",\"publisher\":{\"@id\":\"https:\/\/gijonbasket.com\/#organization\"},\"potentialAction\":[{\"@type\":\"SearchAction\",\"target\":{\"@type\":\"EntryPoint\",\"urlTemplate\":\"https:\/\/gijonbasket.com\/?s={search_term_string}\"},\"query-input\":{\"@type\":\"PropertyValueSpecification\",\"valueRequired\":true,\"valueName\":\"search_term_string\"}}],\"inLanguage\":\"en-US\"},{\"@type\":\"Organization\",\"@id\":\"https:\/\/gijonbasket.com\/#organization\",\"name\":\"gijonbasket\",\"url\":\"https:\/\/gijonbasket.com\/\",\"logo\":{\"@type\":\"ImageObject\",\"inLanguage\":\"en-US\",\"@id\":\"https:\/\/gijonbasket.com\/#\/schema\/logo\/image\/\",\"url\":\"https:\/\/gijonbasket.com\/wp-content\/uploads\/2023\/03\/LogoGijonBasket2.jpg\",\"contentUrl\":\"https:\/\/gijonbasket.com\/wp-content\/uploads\/2023\/03\/LogoGijonBasket2.jpg\",\"width\":2000,\"height\":550,\"caption\":\"gijonbasket\"},\"image\":{\"@id\":\"https:\/\/gijonbasket.com\/#\/schema\/logo\/image\/\"}}]}<\/script>\n<!-- \/ Yoast SEO plugin. -->","yoast_head_json":{"title":"Pol\u00edtica de Cookies - gijonbasket","robots":{"index":"index","follow":"follow","max-snippet":"max-snippet:-1","max-image-preview":"max-image-preview:large","max-video-preview":"max-video-preview:-1"},"canonical":"https:\/\/gijonbasket.com\/en\/politica-de-cookies\/","og_locale":"en_US","og_type":"article","og_title":"Pol\u00edtica de Cookies - gijonbasket","og_description":"1. AVISO Esta Web usa Cookies para facilitar la navegaci\u00f3n y para adaptar sus contenidos a las referencias de los usuarios. 2. COOKIES: QU\u00c9 SON Una \u00abCookie\u00bb es un fichero que se descarga en su ordenador al acceder a determinadas p\u00e1ginas Web. Las Cookies son herramientas que permiten a una p\u00e1gina Web, entre otras cosas,&hellip;&nbsp;Read More &raquo;Pol\u00edtica de Cookies","og_url":"https:\/\/gijonbasket.com\/en\/politica-de-cookies\/","og_site_name":"gijonbasket","article_modified_time":"2023-03-08T10:31:42+00:00","twitter_card":"summary_large_image","twitter_misc":{"Est. reading time":"3 minutes"},"schema":{"@context":"https:\/\/schema.org","@graph":[{"@type":"WebPage","@id":"https:\/\/gijonbasket.com\/en\/politica-de-cookies\/","url":"https:\/\/gijonbasket.com\/en\/politica-de-cookies\/","name":"Pol\u00edtica de Cookies - gijonbasket","isPartOf":{"@id":"https:\/\/gijonbasket.com\/#website"},"datePublished":"2023-03-08T10:31:40+00:00","dateModified":"2023-03-08T10:31:42+00:00","breadcrumb":{"@id":"https:\/\/gijonbasket.com\/en\/politica-de-cookies\/#breadcrumb"},"inLanguage":"en-US","potentialAction":[{"@type":"ReadAction","target":["https:\/\/gijonbasket.com\/en\/politica-de-cookies\/"]}]},{"@type":"BreadcrumbList","@id":"https:\/\/gijonbasket.com\/en\/politica-de-cookies\/#breadcrumb","itemListElement":[{"@type":"ListItem","position":1,"name":"Portada","item":"https:\/\/gijonbasket.com\/"},{"@type":"ListItem","position":2,"name":"Pol\u00edtica de Cookies"}]},{"@type":"WebSite","@id":"https:\/\/gijonbasket.com\/#website","url":"https:\/\/gijonbasket.com\/","name":"gijonbasket","description":"","publisher":{"@id":"https:\/\/gijonbasket.com\/#organization"},"potentialAction":[{"@type":"SearchAction","target":{"@type":"EntryPoint","urlTemplate":"https:\/\/gijonbasket.com\/?s={search_term_string}"},"query-input":{"@type":"PropertyValueSpecification","valueRequired":true,"valueName":"search_term_string"}}],"inLanguage":"en-US"},{"@type":"Organization","@id":"https:\/\/gijonbasket.com\/#organization","name":"gijonbasket","url":"https:\/\/gijonbasket.com\/","logo":{"@type":"ImageObject","inLanguage":"en-US","@id":"https:\/\/gijonbasket.com\/#\/schema\/logo\/image\/","url":"https:\/\/gijonbasket.com\/wp-content\/uploads\/2023\/03\/LogoGijonBasket2.jpg","contentUrl":"https:\/\/gijonbasket.com\/wp-content\/uploads\/2023\/03\/LogoGijonBasket2.jpg","width":2000,"height":550,"caption":"gijonbasket"},"image":{"@id":"https:\/\/gijonbasket.com\/#\/schema\/logo\/image\/"}}]}},"_links":{"self":[{"href":"https:\/\/gijonbasket.com\/en\/wp-json\/wp\/v2\/pages\/341","targetHints":{"allow":["GET"]}}],"collection":[{"href":"https:\/\/gijonbasket.com\/en\/wp-json\/wp\/v2\/pages"}],"about":[{"href":"https:\/\/gijonbasket.com\/en\/wp-json\/wp\/v2\/types\/page"}],"author":[{"embeddable":true,"href":"https:\/\/gijonbasket.com\/en\/wp-json\/wp\/v2\/users\/1"}],"replies":[{"embeddable":true,"href":"https:\/\/gijonbasket.com\/en\/wp-json\/wp\/v2\/comments?post=341"}],"version-history":[{"count":1,"href":"https:\/\/gijonbasket.com\/en\/wp-json\/wp\/v2\/pages\/341\/revisions"}],"predecessor-version":[{"id":342,"href":"https:\/\/gijonbasket.com\/en\/wp-json\/wp\/v2\/pages\/341\/revisions\/342"}],"wp:attachment":[{"href":"https:\/\/gijonbasket.com\/en\/wp-json\/wp\/v2\/media?parent=341"}],"curies":[{"name":"wp","href":"https:\/\/api.w.org\/{rel}","templated":true}]}}